{"id":623,"date":"2019-11-07T15:21:34","date_gmt":"2019-11-07T15:21:34","guid":{"rendered":"http:\/\/www.kuoras.fi\/?page_id=623"},"modified":"2022-05-24T00:12:04","modified_gmt":"2022-05-23T21:12:04","slug":"liity-jaseneksi","status":"publish","type":"page","link":"https:\/\/www.kuoras.fi\/index.php\/liity-jaseneksi\/","title":{"rendered":"Mukaan yhdistykseen"},"content":{"rendered":"\r\n<p>Liittym\u00e4ll\u00e4 Kuorasj\u00e4rvi ry:n j\u00e4seneksi voit vaikuttaa Kuorasj\u00e4rven tulevaisuuteen. Yhdess\u00e4 voimme saada aikaan j\u00e4rven kannalta hyvi\u00e4 asioita, jotka muuten j\u00e4isiv\u00e4t vaille huomiota. J\u00e4senen\u00e4 saat ensik\u00e4den tietoa j\u00e4rve\u00e4 koskevista ajankohtaisista asioista.<strong> Kuorasj\u00e4rvi ry:n j\u00e4senmaksu henkil\u00f6j\u00e4senelt\u00e4 on 20 \u20ac.<\/strong> J\u00e4senyys astuu voimaan, kun j\u00e4senmaksu on maksettu. Tietosuojaselosteen l\u00f6yd\u00e4t<a href=\"http:\/\/www.kuoras.fi\/index.php\/tietosuojaseloste\/\"> t\u00e4\u00e4lt\u00e4<\/a> ja yhdistyksen s\u00e4\u00e4nn\u00f6t <a href=\"http:\/\/www.kuoras.fi\/index.php\/kuorasjarvi-ry\/kuorasjarvi-ryn-saannot\/\">t\u00e4\u00e4lt\u00e4<\/a>.<\/p>\r\n\r\n\r\n\r\n<p>T\u00e4yt\u00e4 j\u00e4sentietolomake ja paina &#8221;L\u00e4het\u00e4&#8221;-nappia. L\u00e4het\u00e4mme ilmoittamaasi s\u00e4hk\u00f6postiin j\u00e4senmaksulaskun. Voit halutessasi maksaa j\u00e4senmaksun my\u00f6s suoraan yhdistyksen tilille. Ohjeet l\u00f6yd\u00e4t lomakkeesta.<\/p>\r\n\r\n\r\n\r\n<p>Tervetuloa mukaan!<\/p>\r\n\r\n\r\n\r\n<p>&nbsp;<\/p>\r\n\r\n\r\n\r\n<p class=\"has-medium-font-size\"><strong>J\u00e4sentietolomake<\/strong><\/p>\r\n\r\n\r\n<div class=\"caldera-grid\" id=\"caldera_form_1\" data-cf-ver=\"1.9.7\" data-cf-form-id=\"CF5dc03fc0e3b6d\"><div id=\"caldera_notices_1\" data-spinner=\"https:\/\/www.kuoras.fi\/wp-admin\/images\/spinner.gif\"><\/div><form data-instance=\"1\" class=\"CF5dc03fc0e3b6d caldera_forms_form cfajax-trigger\" method=\"POST\" enctype=\"multipart\/form-data\" id=\"CF5dc03fc0e3b6d_1\" data-form-id=\"CF5dc03fc0e3b6d\" aria-label=\"J&auml;sentiedot\" data-target=\"#caldera_notices_1\" data-template=\"#cfajax_CF5dc03fc0e3b6d-tmpl\" data-cfajax=\"CF5dc03fc0e3b6d\" data-load-element=\"_parent\" data-load-class=\"cf_processing\" data-post-disable=\"0\" data-action=\"cf_process_ajax_submit\" data-request=\"https:\/\/www.kuoras.fi\/cf-api\/CF5dc03fc0e3b6d\" data-hiderows=\"true\">\r\n<input type=\"hidden\" id=\"_cf_verify_CF5dc03fc0e3b6d\" name=\"_cf_verify\" value=\"2d712f60ba\"  data-nonce-time=\"1777569287\" \/><input type=\"hidden\" name=\"_wp_http_referer\" value=\"\/index.php\/wp-json\/wp\/v2\/pages\/623\" \/><div id=\"cf2-CF5dc03fc0e3b6d_1\"><\/div><input type=\"hidden\" name=\"_cf_frm_id\" value=\"CF5dc03fc0e3b6d\">\r\n<input type=\"hidden\" name=\"_cf_frm_ct\" value=\"1\">\r\n<input type=\"hidden\" name=\"cfajax\" value=\"CF5dc03fc0e3b6d\">\r\n<input type=\"hidden\" name=\"_cf_cr_pst\" value=\"623\">\r\n<div class=\"hide\" style=\"display:none; overflow:hidden;height:0;width:0;\">\r\n<label>S\u00e4hk\u00f6postiosoite<\/label><input type=\"text\" name=\"email\" value=\"\" autocomplete=\"off\">\r\n<\/div><div id=\"CF5dc03fc0e3b6d_1-row-1\"  class=\"row  first_row\"><div  class=\"col-sm-12  single\"><div data-field-wrapper=\"fld_8129151\" class=\"form-group\" id=\"fld_8129151_1-wrap\">\r\n\t<label id=\"fld_8129151Label\" for=\"fld_8129151_1\" class=\"control-label\">Etunimi <span aria-hidden=\"true\" role=\"presentation\" class=\"field_required\" style=\"color:#ee0000;\">*<\/span><\/label>\r\n\t<div class=\"\">\r\n\t\t<input   required type=\"text\" data-field=\"fld_8129151\" class=\" form-control\" id=\"fld_8129151_1\" name=\"fld_8129151\" value=\"\" data-type=\"text\" aria-required=\"true\"   aria-labelledby=\"fld_8129151Label\" >\t\t\t<\/div>\r\n<\/div>\r\n<\/div><\/div><div id=\"CF5dc03fc0e3b6d_1-row-2\"  class=\"row \"><div  class=\"col-sm-12  single\"><div data-field-wrapper=\"fld_3080383\" class=\"form-group\" id=\"fld_3080383_1-wrap\">\r\n\t<label id=\"fld_3080383Label\" for=\"fld_3080383_1\" class=\"control-label\">Sukunimi <span aria-hidden=\"true\" role=\"presentation\" class=\"field_required\" style=\"color:#ee0000;\">*<\/span><\/label>\r\n\t<div class=\"\">\r\n\t\t<input   required type=\"text\" data-field=\"fld_3080383\" class=\" form-control\" id=\"fld_3080383_1\" name=\"fld_3080383\" value=\"\" data-type=\"text\" aria-required=\"true\"   aria-labelledby=\"fld_3080383Label\" >\t\t\t<\/div>\r\n<\/div>\r\n<div data-field-wrapper=\"fld_2942304\" class=\"form-group\" id=\"fld_2942304_1-wrap\">\r\n\t<label id=\"fld_2942304Label\" for=\"fld_2942304_1\" class=\"control-label\">L\u00e4hiosoite <span aria-hidden=\"true\" role=\"presentation\" class=\"field_required\" style=\"color:#ee0000;\">*<\/span><\/label>\r\n\t<div class=\"\">\r\n\t\t<input   required type=\"text\" data-field=\"fld_2942304\" class=\" form-control\" id=\"fld_2942304_1\" name=\"fld_2942304\" value=\"\" data-type=\"text\" aria-required=\"true\"   aria-labelledby=\"fld_2942304Label\" >\t\t\t<\/div>\r\n<\/div>\r\n<\/div><\/div><div id=\"CF5dc03fc0e3b6d_1-row-3\"  class=\"row \"><div  class=\"col-sm-12  single\"><div data-field-wrapper=\"fld_669151\" class=\"form-group\" id=\"fld_669151_1-wrap\">\r\n\t<label id=\"fld_669151Label\" for=\"fld_669151_1\" class=\"control-label\">Postinumero <span aria-hidden=\"true\" role=\"presentation\" class=\"field_required\" style=\"color:#ee0000;\">*<\/span><\/label>\r\n\t<div class=\"\">\r\n\t\t<input   required type=\"text\" data-field=\"fld_669151\" class=\" form-control\" id=\"fld_669151_1\" name=\"fld_669151\" value=\"\" data-type=\"text\" aria-required=\"true\"   aria-labelledby=\"fld_669151Label\" >\t\t\t<\/div>\r\n<\/div>\r\n<\/div><\/div><div id=\"CF5dc03fc0e3b6d_1-row-4\"  class=\"row \"><div  class=\"col-sm-12  single\"><div data-field-wrapper=\"fld_3690446\" class=\"form-group\" id=\"fld_3690446_1-wrap\">\r\n\t<label id=\"fld_3690446Label\" for=\"fld_3690446_1\" class=\"control-label\">Postitoimipaikka <span aria-hidden=\"true\" role=\"presentation\" class=\"field_required\" style=\"color:#ee0000;\">*<\/span><\/label>\r\n\t<div class=\"\">\r\n\t\t<input   required type=\"text\" data-field=\"fld_3690446\" class=\" form-control\" id=\"fld_3690446_1\" name=\"fld_3690446\" value=\"\" data-type=\"text\" aria-required=\"true\"   aria-labelledby=\"fld_3690446Label\" >\t\t\t<\/div>\r\n<\/div>\r\n<div data-field-wrapper=\"fld_9368324\" class=\"form-group\" id=\"fld_9368324_1-wrap\">\r\n\t<label id=\"fld_9368324Label\" for=\"fld_9368324_1\" class=\"control-label\">M\u00f6kkiosoite (jos m\u00f6kki Kuorasj\u00e4rvell\u00e4)<\/label>\r\n\t<div class=\"\">\r\n\t\t<input    type=\"text\" data-field=\"fld_9368324\" class=\" form-control\" id=\"fld_9368324_1\" name=\"fld_9368324\" value=\"\" data-type=\"text\"   aria-labelledby=\"fld_9368324Label\" >\t\t\t<\/div>\r\n<\/div>\r\n<\/div><\/div><div id=\"CF5dc03fc0e3b6d_1-row-5\"  class=\"row \"><div  class=\"col-sm-12  single\"><div data-field-wrapper=\"fld_3451823\" class=\"form-group\" id=\"fld_3451823_1-wrap\">\r\n\t<label id=\"fld_3451823Label\" for=\"fld_3451823_1\" class=\"control-label\">S\u00e4hk\u00f6postiosoite<\/label>\r\n\t<div class=\"\">\r\n\t\t<input    type=\"text\" data-field=\"fld_3451823\" class=\" form-control\" id=\"fld_3451823_1\" name=\"fld_3451823\" value=\"\" data-type=\"text\"   aria-labelledby=\"fld_3451823Label\" >\t\t\t<\/div>\r\n<\/div>\r\n<\/div><\/div><div id=\"CF5dc03fc0e3b6d_1-row-6\"  class=\"row \"><div  class=\"col-sm-12  single\"><div data-field-wrapper=\"fld_3739618\" class=\"form-group\" id=\"fld_3739618_1-wrap\">\r\n\t<label id=\"fld_3739618Label\" for=\"fld_3739618_1\" class=\"control-label\">Puhelinnumero <span aria-hidden=\"true\" role=\"presentation\" class=\"field_required\" style=\"color:#ee0000;\">*<\/span><\/label>\r\n\t<div class=\"\">\r\n\t\t<input  data-inputmask=\"'mask': '999 9999999'\"  required type=\"phone\" data-field=\"fld_3739618\" class=\" form-control\" id=\"fld_3739618_1\" name=\"fld_3739618\" value=\"\" data-type=\"phone\" aria-required=\"true\"   aria-labelledby=\"fld_3739618Label\" >\t\t\t<\/div>\r\n<\/div>\r\n<\/div><\/div><div id=\"CF5dc03fc0e3b6d_1-row-7\"  class=\"row  last_row\"><div  class=\"col-sm-12  single\"><div data-field-wrapper=\"fld_9144362\" class=\"form-group\" id=\"fld_9144362_1-wrap\">\r\n\t<label id=\"fld_9144362Label\" for=\"fld_9144362_1\" class=\"control-label screen-reader-text sr-only\">Boxi1<\/label>\r\n\t<div class=\"\">\r\n\t\t\t\t\t\t\t\t\t\t\t<div class=\"checkbox\">\n\t\t\t\t\n                <label                         for=\"fld_9144362_1_opt1218055\"\n                >\n                            <input\n                                                                type=\"checkbox\"\n                                data-label=\"Haluan s\u00e4hk\u00f6postilaskun (l\u00e4hetet\u00e4\u00e4n s\u00e4hk\u00f6postiosoite-kent\u00e4n osoitteeseen)\"\n                                data-field=\"fld_9144362\"\n                                id=\"fld_9144362_1_opt1218055\"\n                                class=\"fld_9144362_1\"\n                                name=\"fld_9144362[opt1218055]\"\n                                value=\"Haluan s\u00e4hk\u00f6postilaskun (l\u00e4hetet\u00e4\u00e4n s\u00e4hk\u00f6postiosoite-kent\u00e4n osoitteeseen)\"\n                                                                data-type=\"checkbox\"\n                                data-checkbox-field=\"fld_9144362_1\"\n                                                                data-calc-value=\"Haluan s\u00e4hk\u00f6postilaskun (l\u00e4hetet\u00e4\u00e4n s\u00e4hk\u00f6postiosoite-kent\u00e4n osoitteeseen)\"\n                            >\n                    Haluan s\u00e4hk\u00f6postilaskun (l\u00e4hetet\u00e4\u00e4n s\u00e4hk\u00f6postiosoite-kent\u00e4n osoitteeseen)                <\/label>\n\n                \t\t\t\t\t<\/div>\n\t\t\t\t\t\t\t\t\t\t\t<\/div>\r\n<\/div>\r\n<div data-field-wrapper=\"fld_7070311\" class=\"form-group\" id=\"fld_7070311_1-wrap\">\r\n\t<label id=\"fld_7070311Label\" for=\"fld_7070311_1\" class=\"control-label screen-reader-text sr-only\">Boxi2<\/label>\r\n\t<div class=\"\">\r\n\t\t\t\t\t\t\t\t\t\t\t<div class=\"checkbox\">\n\t\t\t\t\n                <label                         for=\"fld_7070311_1_opt1405334\"\n                >\n                            <input\n                                                                type=\"checkbox\"\n                                data-label=\"Maksan j\u00e4senmaksun 15 \u20ac suoraan pankkitilille FI89 4108 0011 4093 75  (tilisiirron viestikentt\u00e4\u00e4n j\u00e4seneksi liittyv\u00e4n nimi ja teksti &quot;j\u00e4senmaksu&quot;)\"\n                                data-field=\"fld_7070311\"\n                                id=\"fld_7070311_1_opt1405334\"\n                                class=\"fld_7070311_1\"\n                                name=\"fld_7070311[opt1405334]\"\n                                value=\"Maksan j\u00e4senmaksun 15 \u20ac suoraan pankkitilille FI89 4108 0011 4093 75  (tilisiirron viestikentt\u00e4\u00e4n j\u00e4seneksi liittyv\u00e4n nimi ja teksti &quot;j\u00e4senmaksu&quot;)\"\n                                                                data-type=\"checkbox\"\n                                data-checkbox-field=\"fld_7070311_1\"\n                                                                data-calc-value=\"Maksan j\u00e4senmaksun 20 \u20ac suoraan pankkitilille FI89 4108 0011 4093 75  (tilisiirron viestikentt\u00e4\u00e4n j\u00e4seneksi liittyv\u00e4n nimi ja teksti &quot;j\u00e4senmaksu&quot;)\"\n                            >\n                    Maksan j\u00e4senmaksun 15 \u20ac suoraan pankkitilille FI89 4108 0011 4093 75  (tilisiirron viestikentt\u00e4\u00e4n j\u00e4seneksi liittyv\u00e4n nimi ja teksti \"j\u00e4senmaksu\")                <\/label>\n\n                \t\t\t\t\t<\/div>\n\t\t\t\t\t\t\t\t\t\t\t<\/div>\r\n<\/div>\r\n<div data-field-wrapper=\"fld_3901492\" class=\"form-group\" id=\"fld_3901492_1-wrap\">\r\n\t<label id=\"fld_3901492Label\" for=\"fld_3901492_1\" class=\"control-label\">S\u00e4\u00e4nt\u00f6jen hyv\u00e4ksyminen <span aria-hidden=\"true\" role=\"presentation\" class=\"field_required\" style=\"color:#ee0000;\">*<\/span><\/label>\r\n\t<div class=\"\">\r\n\t\t\t\t\t\t\t\t\t\t\t<div class=\"checkbox\">\n\t\t\t\t\n                <label                         for=\"fld_3901492_1_opt1895140\"\n                >\n                            <input\n                                data-parsley-required=\"true\" data-parsley-group=\"fld_3901492_1\" data-parsley-multiple=\"fld_3901492_1\"                                type=\"checkbox\"\n                                data-label=\"Hyv\u00e4ksyn yhdistyksen tarkoituksen ja s\u00e4\u00e4nn\u00f6t\"\n                                data-field=\"fld_3901492\"\n                                id=\"fld_3901492_1_opt1895140\"\n                                class=\"fld_3901492_1 option-required\"\n                                name=\"fld_3901492[opt1895140]\"\n                                value=\"Hyv\u00e4ksyn yhdistyksen tarkoituksen ja s\u00e4\u00e4nn\u00f6t\"\n                                                                data-type=\"checkbox\"\n                                data-checkbox-field=\"fld_3901492_1\"\n                                                                data-calc-value=\"Hyv\u00e4ksyn yhdistyksen tarkoituksen ja s\u00e4\u00e4nn\u00f6t\"\n                            >\n                    Hyv\u00e4ksyn yhdistyksen tarkoituksen ja s\u00e4\u00e4nn\u00f6t                <\/label>\n\n                \t\t\t\t\t<\/div>\n\t\t\t\t\t\t\t\t\t\t\t<\/div>\r\n<\/div>\r\n<div data-field-wrapper=\"fld_5780755\" class=\"form-group\" id=\"fld_5780755_1-wrap\">\r\n\t<label id=\"fld_5780755Label\" for=\"fld_5780755_1\" class=\"control-label\">Lis\u00e4tietoja<\/label>\r\n\t<div class=\"\">\r\n\t\t<textarea name=\"fld_5780755\" value=\"\" data-field=\"fld_5780755\" class=\"form-control\" id=\"fld_5780755_1\" rows=\"6\"    aria-labelledby=\"fld_5780755Label\" ><\/textarea>\n\t\t\t<\/div>\r\n<\/div>\r\n<div data-field-wrapper=\"fld_7227882\" class=\"form-group\" id=\"fld_7227882_1-wrap\">\r\n<div class=\"\">\r\n\t<input  class=\"btn btn-default\" type=\"submit\" name=\"fld_7227882\" id=\"fld_7227882_1\" value=\"L\u00e4het\u00e4\" data-field=\"fld_7227882\"  >\n<\/div>\r\n<\/div>\r\n\t<input class=\"button_trigger_1\" type=\"hidden\" name=\"fld_7227882\" id=\"fld_7227882_1_btn\" value=\"\" data-field=\"fld_7227882\"  \/>\n<\/div><\/div><\/form>\r\n<\/div>\r\n\n","protected":false},"excerpt":{"rendered":"<p>Liittym\u00e4ll\u00e4 Kuorasj\u00e4rvi ry:n j\u00e4seneksi voit vaikuttaa Kuorasj\u00e4rven tulevaisuuteen. Yhdess\u00e4 voimme saada aikaan j\u00e4rven kannalta hyvi\u00e4 asioita, jotka muuten j\u00e4isiv\u00e4t vaille huomiota. J\u00e4senen\u00e4 saat ensik\u00e4den tietoa&hellip;<\/p>\n","protected":false},"author":1,"featured_media":0,"parent":0,"menu_order":0,"comment_status":"closed","ping_status":"closed","template":"","meta":{"footnotes":""},"class_list":["post-623","page","type-page","status-publish","hentry"],"jetpack_sharing_enabled":true,"_links":{"self":[{"href":"https:\/\/www.kuoras.fi\/index.php\/wp-json\/wp\/v2\/pages\/623","targetHints":{"allow":["GET"]}}],"collection":[{"href":"https:\/\/www.kuoras.fi\/index.php\/wp-json\/wp\/v2\/pages"}],"about":[{"href":"https:\/\/www.kuoras.fi\/index.php\/wp-json\/wp\/v2\/types\/page"}],"author":[{"embeddable":true,"href":"https:\/\/www.kuoras.fi\/index.php\/wp-json\/wp\/v2\/users\/1"}],"replies":[{"embeddable":true,"href":"https:\/\/www.kuoras.fi\/index.php\/wp-json\/wp\/v2\/comments?post=623"}],"version-history":[{"count":11,"href":"https:\/\/www.kuoras.fi\/index.php\/wp-json\/wp\/v2\/pages\/623\/revisions"}],"predecessor-version":[{"id":1693,"href":"https:\/\/www.kuoras.fi\/index.php\/wp-json\/wp\/v2\/pages\/623\/revisions\/1693"}],"wp:attachment":[{"href":"https:\/\/www.kuoras.fi\/index.php\/wp-json\/wp\/v2\/media?parent=623"}],"curies":[{"name":"wp","href":"https:\/\/api.w.org\/{rel}","templated":true}]}}