{"id":1983,"date":"2025-07-04T16:43:30","date_gmt":"2025-07-04T13:43:30","guid":{"rendered":"https:\/\/www.kuoras.fi\/?page_id=1983"},"modified":"2025-07-05T12:10:30","modified_gmt":"2025-07-05T09:10:30","slug":"kirjasto","status":"publish","type":"page","link":"https:\/\/www.kuoras.fi\/index.php\/kirjasto\/","title":{"rendered":"Kirjasto"},"content":{"rendered":"<p>Yhdistyksen kirjastosta l\u00f6ytyy<\/p>\n<ul>\n<li><a href=\"https:\/\/www.kuoras.fi\/index.php\/artikkelit\/\">Omat artikkelit<\/a><\/li>\n<li><a href=\"https:\/\/www.kuoras.fi\/index.php\/aineistot\/\">Aineistot<\/a><\/li>\n<li><a href=\"https:\/\/www.kuoras.fi\/index.php\/aineistot\/kuvia\/\">Kuvia Kuorasj\u00e4rvelt\u00e4<\/a><\/li>\n<li><a href=\"https:\/\/www.kuoras.fi\/index.php\/mainittu\/\">Artikkeleita ymp\u00e4rist\u00f6st\u00e4<\/a> ja<\/li>\n<li><a href=\"https:\/\/www.kuoras.fi\/index.php\/linkit\/\">Hy\u00f6dyllisi\u00e4 linkkej\u00e4<\/a><\/li>\n<\/ul>\n","protected":false},"excerpt":{"rendered":"<p>Yhdistyksen kirjastosta l\u00f6ytyy Omat artikkelit Aineistot Kuvia Kuorasj\u00e4rvelt\u00e4 Artikkeleita ymp\u00e4rist\u00f6st\u00e4 ja Hy\u00f6dyllisi\u00e4 linkkej\u00e4<\/p>\n","protected":false},"author":2,"featured_media":0,"parent":0,"menu_order":0,"comment_status":"closed","ping_status":"closed","template":"","meta":{"footnotes":""},"class_list":["post-1983","page","type-page","status-publish","hentry"],"jetpack_sharing_enabled":true,"_links":{"self":[{"href":"https:\/\/www.kuoras.fi\/index.php\/wp-json\/wp\/v2\/pages\/1983","targetHints":{"allow":["GET"]}}],"collection":[{"href":"https:\/\/www.kuoras.fi\/index.php\/wp-json\/wp\/v2\/pages"}],"about":[{"href":"https:\/\/www.kuoras.fi\/index.php\/wp-json\/wp\/v2\/types\/page"}],"author":[{"embeddable":true,"href":"https:\/\/www.kuoras.fi\/index.php\/wp-json\/wp\/v2\/users\/2"}],"replies":[{"embeddable":true,"href":"https:\/\/www.kuoras.fi\/index.php\/wp-json\/wp\/v2\/comments?post=1983"}],"version-history":[{"count":3,"href":"https:\/\/www.kuoras.fi\/index.php\/wp-json\/wp\/v2\/pages\/1983\/revisions"}],"predecessor-version":[{"id":2002,"href":"https:\/\/www.kuoras.fi\/index.php\/wp-json\/wp\/v2\/pages\/1983\/revisions\/2002"}],"wp:attachment":[{"href":"https:\/\/www.kuoras.fi\/index.php\/wp-json\/wp\/v2\/media?parent=1983"}],"curies":[{"name":"wp","href":"https:\/\/api.w.org\/{rel}","templated":true}]}}